{"id":1070,"date":"2021-05-25T22:00:50","date_gmt":"2021-05-25T20:00:50","guid":{"rendered":"http:\/\/19.demooo.pl\/oferta\/podatki\/biezace-doradztwo-podatkowe\/"},"modified":"2021-08-03T11:06:05","modified_gmt":"2021-08-03T09:06:05","slug":"ongoing-tax-consulting","status":"publish","type":"page","link":"https:\/\/tlhub.pl\/en\/offer\/taxes\/ongoing-tax-consulting\/","title":{"rendered":"Ongoing tax consulting"},"content":{"rendered":"<p><span class=\"TextRun SCXW39882347 BCX0\" lang=\"EN-US\" xml:lang=\"EN-US\" data-contrast=\"auto\"><span class=\"NormalTextRun SCXW39882347 BCX0\">Comprehensive tax consulting services are the foundation of efficient business management. In this context, we offer support of a multidisciplinary team of experts who specialize in tax law, accounting, and labor law and are aware of the significance of daily business practice and the challenges that the market poses for entrepreneurs. Properly prepared procedures minimize the risk of mistakes and enable expenditure estimation as well as safe management of everyday work of the accounting department.\u00a0<\/span><\/span><span class=\"EOP SCXW39882347 BCX0\" data-ccp-props=\"{&quot;201341983&quot;:0,&quot;335551550&quot;:6,&quot;335551620&quot;:6,&quot;335559739&quot;:160,&quot;335559740&quot;:259}\">\u00a0<\/span><\/p>\n<p>&nbsp;<\/p>\n<h4><span class=\"TextRun SCXW163217230 BCX0\" lang=\"EN-US\" xml:lang=\"EN-US\" data-contrast=\"auto\"><span class=\"NormalTextRun SCXW163217230 BCX0\">Ongoing tax consulting \u2013 the scope of our services:<\/span><\/span><\/h4>\n<ul>\n<li><span data-contrast=\"auto\">ongoing tax consulting within VAT, PIT, CIT;<\/span><span data-ccp-props=\"{&quot;201341983&quot;:0,&quot;335551550&quot;:6,&quot;335551620&quot;:6,&quot;335559738&quot;:280,&quot;335559739&quot;:160,&quot;335559740&quot;:240}\">\u00a0<\/span><\/li>\n<li><span data-contrast=\"auto\">selection of the optimal form of business activity and corresponding tax policy;<\/span><span data-ccp-props=\"{&quot;201341983&quot;:0,&quot;335551550&quot;:6,&quot;335551620&quot;:6,&quot;335559739&quot;:160,&quot;335559740&quot;:240}\">\u00a0<\/span><\/li>\n<li><span data-contrast=\"auto\">support in company restructuring;<\/span><span data-ccp-props=\"{&quot;201341983&quot;:0,&quot;335551550&quot;:6,&quot;335551620&quot;:6,&quot;335559739&quot;:160,&quot;335559740&quot;:240}\">\u00a0<\/span><\/li>\n<li><span data-contrast=\"auto\">tax consulting during purchase or sales of a company;<\/span><span data-ccp-props=\"{&quot;201341983&quot;:0,&quot;335551550&quot;:6,&quot;335551620&quot;:6,&quot;335559739&quot;:160,&quot;335559740&quot;:240}\">\u00a0<\/span><\/li>\n<li><span data-contrast=\"auto\">consulting within the settlement of fuel cards;<\/span><span data-ccp-props=\"{&quot;201341983&quot;:0,&quot;335551550&quot;:6,&quot;335551620&quot;:6,&quot;335559739&quot;:160,&quot;335559740&quot;:240}\">\u00a0<\/span><\/li>\n<li><span data-contrast=\"auto\">support in the settlement of vouchers, coupons, gifts,\u00a0and awards;<\/span><span data-ccp-props=\"{&quot;201341983&quot;:0,&quot;335551550&quot;:6,&quot;335551620&quot;:6,&quot;335559739&quot;:160,&quot;335559740&quot;:240}\">\u00a0<\/span><\/li>\n<li><span data-contrast=\"auto\">tax consulting within fleet and company vehicles;<\/span><span data-ccp-props=\"{&quot;201341983&quot;:0,&quot;335551550&quot;:6,&quot;335551620&quot;:6,&quot;335559739&quot;:160,&quot;335559740&quot;:240}\">\u00a0<\/span><\/li>\n<li><span data-contrast=\"auto\">support in the settlement of sales or purchase of real estate;<\/span><span data-ccp-props=\"{&quot;201341983&quot;:0,&quot;335551550&quot;:6,&quot;335551620&quot;:6,&quot;335559739&quot;:160,&quot;335559740&quot;:240}\">\u00a0<\/span><\/li>\n<li><span data-contrast=\"auto\">support within real estate tax;<\/span><span data-ccp-props=\"{&quot;201341983&quot;:0,&quot;335551550&quot;:6,&quot;335551620&quot;:6,&quot;335559739&quot;:160,&quot;335559740&quot;:240}\">\u00a0<\/span><\/li>\n<li><span data-contrast=\"auto\">consulting within tax relief and\u00a0exemption;<\/span><span data-ccp-props=\"{&quot;201341983&quot;:0,&quot;335551550&quot;:6,&quot;335551620&quot;:6,&quot;335559739&quot;:160,&quot;335559740&quot;:240}\">\u00a0<\/span><\/li>\n<li><span data-contrast=\"auto\">settlement of VAT, CIT, and PIT for fringe benefits and partly gratuitous services (e.g. sports cars, private medical care, private insurance, vehicles);<\/span><span data-ccp-props=\"{&quot;201341983&quot;:0,&quot;335551550&quot;:6,&quot;335551620&quot;:6,&quot;335559739&quot;:160,&quot;335559740&quot;:240}\">\u00a0<\/span><\/li>\n<li><span data-contrast=\"auto\">drafting of tax-efficient incentive programs for managers;<\/span><span data-ccp-props=\"{&quot;201341983&quot;:0,&quot;335551550&quot;:6,&quot;335551620&quot;:6,&quot;335559739&quot;:160,&quot;335559740&quot;:240}\">\u00a0<\/span><\/li>\n<li><span data-contrast=\"auto\">settlement of transactions with foreign entities \u2013 income taxes and double taxation conventions;<\/span><span data-ccp-props=\"{&quot;201341983&quot;:0,&quot;335551550&quot;:6,&quot;335551620&quot;:6,&quot;335559739&quot;:160,&quot;335559740&quot;:240}\">\u00a0<\/span><\/li>\n<li><span data-contrast=\"auto\">income taxes in the context of leasing and long-term lease;<\/span><span data-ccp-props=\"{&quot;201341983&quot;:0,&quot;335551550&quot;:6,&quot;335551620&quot;:6,&quot;335559739&quot;:160,&quot;335559740&quot;:240}\">\u00a0<\/span><\/li>\n<li><span data-contrast=\"auto\">optimization of taxation of partners in partnerships;<\/span><span data-ccp-props=\"{&quot;201341983&quot;:0,&quot;335551550&quot;:6,&quot;335551620&quot;:6,&quot;335559739&quot;:160,&quot;335559740&quot;:240}\">\u00a0<\/span><\/li>\n<li><span data-contrast=\"auto\">support in\u00a0the\u00a0development of programs and applications for tax purposes;<\/span><span data-ccp-props=\"{&quot;201341983&quot;:0,&quot;335551550&quot;:6,&quot;335551620&quot;:6,&quot;335559739&quot;:160,&quot;335559740&quot;:240}\">\u00a0<\/span><\/li>\n<li><span data-contrast=\"auto\">representation during tax controls, administrative proceedings, court proceedings as well as court and administrative proceedings;<\/span><span data-ccp-props=\"{&quot;201341983&quot;:0,&quot;335551550&quot;:6,&quot;335551620&quot;:6,&quot;335559739&quot;:160,&quot;335559740&quot;:240}\">\u00a0<\/span><\/li>\n<li><span data-contrast=\"auto\">drafting of\u00a0transfer price\u00a0documentation;<\/span><span data-ccp-props=\"{&quot;201341983&quot;:0,&quot;335551550&quot;:6,&quot;335551620&quot;:6,&quot;335559739&quot;:160,&quot;335559740&quot;:240}\">\u00a0<\/span><\/li>\n<li><span data-contrast=\"auto\">consulting within VAT in international transactions;<\/span><span data-ccp-props=\"{&quot;201341983&quot;:0,&quot;335551550&quot;:6,&quot;335551620&quot;:6,&quot;335559739&quot;:160,&quot;335559740&quot;:240}\">\u00a0<\/span><\/li>\n<li><span data-contrast=\"auto\">consulting within income taxes in settlements with foreign affiliated companies;<\/span><span data-ccp-props=\"{&quot;201341983&quot;:0,&quot;335551550&quot;:6,&quot;335551620&quot;:6,&quot;335559739&quot;:160,&quot;335559740&quot;:240}\">\u00a0<\/span><\/li>\n<li><span data-contrast=\"auto\">submission of motions for individual interpretation to tax authorities;<\/span><span data-ccp-props=\"{&quot;201341983&quot;:0,&quot;335551550&quot;:6,&quot;335551620&quot;:6,&quot;335559739&quot;:160,&quot;335559740&quot;:240}\">\u00a0<\/span><\/li>\n<li><span data-contrast=\"auto\">drafting of opinions and interpretations of tax law;<\/span><span data-ccp-props=\"{&quot;201341983&quot;:0,&quot;335551550&quot;:6,&quot;335551620&quot;:6,&quot;335559739&quot;:160,&quot;335559740&quot;:240}\">\u00a0<\/span><\/li>\n<li><span data-contrast=\"auto\">training courses for managers and accountants as well as other departments involved in the accounting process.<\/span><span data-ccp-props=\"{&quot;201341983&quot;:0,&quot;335551550&quot;:6,&quot;335551620&quot;:6,&quot;335559739&quot;:280,&quot;335559740&quot;:240}\">\u00a0<\/span><\/li>\n<\/ul>\n<h4><span class=\"TextRun SCXW242925289 BCX0\" lang=\"EN-US\" xml:lang=\"EN-US\" data-contrast=\"auto\"><span class=\"NormalTextRun SCXW242925289 BCX0\">How do we help<\/span><span class=\"NormalTextRun SCXW242925289 BCX0\">?<\/span><\/span><span class=\"EOP SCXW242925289 BCX0\" data-ccp-props=\"{&quot;201341983&quot;:0,&quot;335551550&quot;:6,&quot;335551620&quot;:6,&quot;335559739&quot;:160,&quot;335559740&quot;:259}\">\u00a0<\/span><\/h4>\n<p>&nbsp;<\/p>\n<p><span data-contrast=\"auto\">Our firm offers both ongoing tax consulting services as well as interim support in the selection of tax-efficient forms of business activity, during restructuring, and purchase or sales of a company. We help businesses develop efficient tax policies\u00a0and procedures that facilitate\u00a0the\u00a0everyday work of the accounting department. We offer support in the settlement of: PIT, CIT, VAT, EU VAT, and VAT for foreign transactions outside the European Union. We provide\u00a0consulting\u00a0services within PIT and CIT.<\/span><span data-ccp-props=\"{&quot;201341983&quot;:0,&quot;335551550&quot;:6,&quot;335551620&quot;:6,&quot;335559739&quot;:160,&quot;335559740&quot;:259}\">\u00a0<\/span><\/p>\n<p>&nbsp;<\/p>\n<p><span data-contrast=\"auto\">Our tax advisors and attorneys at law support companies in the settlement of purchase of a company car and fuel cars. They provide consulting within\u00a0the\u00a0development of tax-efficient incentive programs as well as\u00a0the\u00a0settlement of fringe benefits and partly gratuitous services (e.g. medical care, private insurance, cars).<\/span><span data-ccp-props=\"{&quot;201341983&quot;:0,&quot;335551550&quot;:6,&quot;335551620&quot;:6,&quot;335559739&quot;:160,&quot;335559740&quot;:259}\">\u00a0<\/span><\/p>\n<p>&nbsp;<\/p>\n<p><span data-contrast=\"auto\">We prepare transfer price documentation for clients and provide consulting within income taxes, including settlements with foreign affiliated companies. We also represent our clients\u00a0during court, administrative as well as court and administrative proceedings. We provide consulting during controls conducted by tax authorities.\u00a0<\/span><span data-ccp-props=\"{&quot;201341983&quot;:0,&quot;335551550&quot;:6,&quot;335551620&quot;:6,&quot;335559739&quot;:160,&quot;335559740&quot;:259}\">\u00a0<\/span><\/p>\n<p>&nbsp;<\/p>\n<p><span data-contrast=\"auto\">We also draft opinions on tax law and submit motions for individual interpretation to tax authorities. We organize training courses on legal changes and\u00a0the\u00a0implementation of procedures that enhance accounting management.<\/span><span data-ccp-props=\"{&quot;201341983&quot;:0,&quot;335551550&quot;:6,&quot;335551620&quot;:6,&quot;335559739&quot;:160,&quot;335559740&quot;:259}\">\u00a0<\/span><\/p>\n<p>&nbsp;<\/p>\n<h4>Why <span style=\"color: #1faaff;\">TLhub<\/span>?<\/h4>\n<p>&nbsp;<\/p>\n<p><span data-contrast=\"auto\"><span style=\"color: #00ccff;\"><strong><span style=\"color: #1faaff;\">TLhub<\/span><\/strong> <\/span>provides ongoing tax consulting and supports the accounting departments of clients. We have extensive experience in restructuring, sales, and purchase of companies. We represent our clients during court, administrative as well as court and administrative proceedings. We also support them during tax controls.\u00a0<\/span><span data-ccp-props=\"{&quot;201341983&quot;:0,&quot;335551550&quot;:6,&quot;335551620&quot;:6,&quot;335559738&quot;:280,&quot;335559739&quot;:280,&quot;335559740&quot;:240}\">\u00a0<\/span><\/p>\n<p>&nbsp;<\/p>\n<p><span data-contrast=\"auto\">We draft numerous legal opinions on the ambiguous regulations of the tax law and if need be,\u00a0we submit motions\u00a0for individual interpretation to tax\u00a0authorities. We inform our clients about amendments that are significant from the perspective of their operation.\u00a0<\/span><span data-ccp-props=\"{&quot;201341983&quot;:0,&quot;335551550&quot;:6,&quot;335551620&quot;:6,&quot;335559738&quot;:280,&quot;335559739&quot;:280,&quot;335559740&quot;:240}\">\u00a0<\/span><\/p>\n<p>&nbsp;<\/p>\n<p><span data-contrast=\"auto\">We also cooperate with HR departments on the selection of optimal settlement methods: incentive systems, bonuses, awards, benefits such as sports cards, private medical care,\u00a0etc. Our company has extensive experience in\u00a0consulting services within\u00a0the\u00a0development of IT solutions, including solutions that enable tax settlements in IT systems. Support of our tax advisors\u00a0makes it possible to develop an IT system for tax settlements in accordance with the regulations of law.<\/span><span data-ccp-props=\"{&quot;201341983&quot;:0,&quot;335551550&quot;:6,&quot;335551620&quot;:6,&quot;335559738&quot;:280,&quot;335559739&quot;:280,&quot;335559740&quot;:240}\">\u00a0<\/span><\/p>\n<p>&nbsp;<\/p>\n<p><span data-contrast=\"auto\">Do not hesitate to\u00a0<\/span><a href=\"https:\/\/tlhub.pl\/en\/contact\/\"><span data-contrast=\"none\">contact us<\/span><\/a><span data-contrast=\"none\">\u00a0<\/span><span data-contrast=\"auto\">in order to obtain more detailed information.<\/span><span data-contrast=\"none\">\u00a0<\/span><span data-ccp-props=\"{&quot;201341983&quot;:0,&quot;335551550&quot;:6,&quot;335551620&quot;:6,&quot;335559739&quot;:160,&quot;335559740&quot;:240}\">\u00a0<\/span><\/p>\n","protected":false},"excerpt":{"rendered":"<p>Comprehensive tax consulting services are the foundation of efficient business management. In this context, we offer support of a multidisciplinary team of experts who specialize in tax law, accounting, and labor law and are aware of the significance of daily business practice and the challenges that the market poses for entrepreneurs. Properly prepared procedures minimize [&hellip;]<\/p>\n","protected":false},"author":1,"featured_media":0,"parent":1068,"menu_order":2,"comment_status":"closed","ping_status":"closed","template":"page-templates\/offer-subpage.php","meta":{"_acf_changed":false,"inline_featured_image":false,"footnotes":""},"class_list":["post-1070","page","type-page","status-publish","hentry"],"acf":[],"yoast_head":"<!-- This site is optimized with the Yoast SEO plugin v27.3 - https:\/\/yoast.com\/product\/yoast-seo-wordpress\/ -->\n<title>Ongoing tax consulting - TLhub<\/title>\n<meta name=\"description\" content=\"Nasza firma doradcza prowadzi zar\u00f3wno bie\u017c\u0105ce doradztwo podatkowe, jak r\u00f3wnie\u017c dora\u017ane wsparcie przy wyborze optymalnych podatkowo form prowadzenia dzia\u0142alno\u015bci, podczas restrukturyzacji b\u0105d\u017a zakupie lub sprzeda\u017cy przedsi\u0119biorstwa. Pomagamy przygotowa\u0107 firmom efektywn\u0105 polityk\u0119 podatkow\u0105 i procedury u\u0142atwiaj\u0105ce codzienn\u0105 prac\u0119 dzia\u0142u ksi\u0119gowo\u015bci. Wspieramy w rozliczeniach podatk\u00f3w: PIT, CIT, VAT, VAT-UE i podatku od towar\u00f3w i us\u0142ug przy transakcjach zagranicznych poza obszarem Unii Europejskiej. Doradzamy w zakresie podatku dochodowego PIT oraz od przedsi\u0119biorstw (CIT).\" \/>\n<meta name=\"robots\" content=\"index, follow, max-snippet:-1, max-image-preview:large, max-video-preview:-1\" \/>\n<link rel=\"canonical\" href=\"https:\/\/tlhub.pl\/en\/offer\/taxes\/ongoing-tax-consulting\/\" \/>\n<meta property=\"og:locale\" content=\"en_US\" \/>\n<meta property=\"og:type\" content=\"article\" \/>\n<meta property=\"og:title\" content=\"Ongoing tax consulting - TLhub\" \/>\n<meta property=\"og:description\" content=\"Nasza firma doradcza prowadzi zar\u00f3wno bie\u017c\u0105ce doradztwo podatkowe, jak r\u00f3wnie\u017c dora\u017ane wsparcie przy wyborze optymalnych podatkowo form prowadzenia dzia\u0142alno\u015bci, podczas restrukturyzacji b\u0105d\u017a zakupie lub sprzeda\u017cy przedsi\u0119biorstwa. Pomagamy przygotowa\u0107 firmom efektywn\u0105 polityk\u0119 podatkow\u0105 i procedury u\u0142atwiaj\u0105ce codzienn\u0105 prac\u0119 dzia\u0142u ksi\u0119gowo\u015bci. Wspieramy w rozliczeniach podatk\u00f3w: PIT, CIT, VAT, VAT-UE i podatku od towar\u00f3w i us\u0142ug przy transakcjach zagranicznych poza obszarem Unii Europejskiej. Doradzamy w zakresie podatku dochodowego PIT oraz od przedsi\u0119biorstw (CIT).\" \/>\n<meta property=\"og:url\" content=\"https:\/\/tlhub.pl\/en\/offer\/taxes\/ongoing-tax-consulting\/\" \/>\n<meta property=\"og:site_name\" content=\"TLhub\" \/>\n<meta property=\"article:modified_time\" content=\"2021-08-03T09:06:05+00:00\" \/>\n<meta property=\"og:image\" content=\"https:\/\/tlhub.pl\/wp-content\/uploads\/2021\/07\/tlhub_logo.png\" \/>\n\t<meta property=\"og:image:width\" content=\"1200\" \/>\n\t<meta property=\"og:image:height\" content=\"650\" \/>\n\t<meta property=\"og:image:type\" content=\"image\/png\" \/>\n<meta name=\"twitter:card\" content=\"summary_large_image\" \/>\n<meta name=\"twitter:label1\" content=\"Est. reading time\" \/>\n\t<meta name=\"twitter:data1\" content=\"3 minutes\" \/>\n<script type=\"application\/ld+json\" class=\"yoast-schema-graph\">{\"@context\":\"https:\\\/\\\/schema.org\",\"@graph\":[{\"@type\":\"WebPage\",\"@id\":\"https:\\\/\\\/tlhub.pl\\\/en\\\/offer\\\/taxes\\\/ongoing-tax-consulting\\\/\",\"url\":\"https:\\\/\\\/tlhub.pl\\\/en\\\/offer\\\/taxes\\\/ongoing-tax-consulting\\\/\",\"name\":\"Ongoing tax consulting - TLhub\",\"isPartOf\":{\"@id\":\"https:\\\/\\\/tlhub.pl\\\/en\\\/#website\"},\"datePublished\":\"2021-05-25T20:00:50+00:00\",\"dateModified\":\"2021-08-03T09:06:05+00:00\",\"description\":\"Nasza firma doradcza prowadzi zar\u00f3wno bie\u017c\u0105ce doradztwo podatkowe, jak r\u00f3wnie\u017c dora\u017ane wsparcie przy wyborze optymalnych podatkowo form prowadzenia dzia\u0142alno\u015bci, podczas restrukturyzacji b\u0105d\u017a zakupie lub sprzeda\u017cy przedsi\u0119biorstwa. Pomagamy przygotowa\u0107 firmom efektywn\u0105 polityk\u0119 podatkow\u0105 i procedury u\u0142atwiaj\u0105ce codzienn\u0105 prac\u0119 dzia\u0142u ksi\u0119gowo\u015bci. Wspieramy w rozliczeniach podatk\u00f3w: PIT, CIT, VAT, VAT-UE i podatku od towar\u00f3w i us\u0142ug przy transakcjach zagranicznych poza obszarem Unii Europejskiej. Doradzamy w zakresie podatku dochodowego PIT oraz od przedsi\u0119biorstw (CIT).\",\"breadcrumb\":{\"@id\":\"https:\\\/\\\/tlhub.pl\\\/en\\\/offer\\\/taxes\\\/ongoing-tax-consulting\\\/#breadcrumb\"},\"inLanguage\":\"en-US\",\"potentialAction\":[{\"@type\":\"ReadAction\",\"target\":[\"https:\\\/\\\/tlhub.pl\\\/en\\\/offer\\\/taxes\\\/ongoing-tax-consulting\\\/\"]}]},{\"@type\":\"BreadcrumbList\",\"@id\":\"https:\\\/\\\/tlhub.pl\\\/en\\\/offer\\\/taxes\\\/ongoing-tax-consulting\\\/#breadcrumb\",\"itemListElement\":[{\"@type\":\"ListItem\",\"position\":1,\"name\":\"Home\",\"item\":\"https:\\\/\\\/tlhub.pl\\\/en\\\/\"},{\"@type\":\"ListItem\",\"position\":2,\"name\":\"Offer\",\"item\":\"https:\\\/\\\/tlhub.pl\\\/en\\\/offer\\\/\"},{\"@type\":\"ListItem\",\"position\":3,\"name\":\"Taxes\",\"item\":\"https:\\\/\\\/tlhub.pl\\\/en\\\/offer\\\/taxes\\\/\"},{\"@type\":\"ListItem\",\"position\":4,\"name\":\"Ongoing tax consulting\"}]},{\"@type\":\"WebSite\",\"@id\":\"https:\\\/\\\/tlhub.pl\\\/en\\\/#website\",\"url\":\"https:\\\/\\\/tlhub.pl\\\/en\\\/\",\"name\":\"TLhub\",\"description\":\"Tax, accounting and law | All in one place\",\"publisher\":{\"@id\":\"https:\\\/\\\/tlhub.pl\\\/en\\\/#organization\"},\"potentialAction\":[{\"@type\":\"SearchAction\",\"target\":{\"@type\":\"EntryPoint\",\"urlTemplate\":\"https:\\\/\\\/tlhub.pl\\\/en\\\/?s={search_term_string}\"},\"query-input\":{\"@type\":\"PropertyValueSpecification\",\"valueRequired\":true,\"valueName\":\"search_term_string\"}}],\"inLanguage\":\"en-US\"},{\"@type\":\"Organization\",\"@id\":\"https:\\\/\\\/tlhub.pl\\\/en\\\/#organization\",\"name\":\"TLhub - tax, accounting and law, all in one place\",\"url\":\"https:\\\/\\\/tlhub.pl\\\/en\\\/\",\"logo\":{\"@type\":\"ImageObject\",\"inLanguage\":\"en-US\",\"@id\":\"https:\\\/\\\/tlhub.pl\\\/en\\\/#\\\/schema\\\/logo\\\/image\\\/\",\"url\":\"https:\\\/\\\/tlhub.pl\\\/wp-content\\\/uploads\\\/2021\\\/07\\\/tlhub_logo.png\",\"contentUrl\":\"https:\\\/\\\/tlhub.pl\\\/wp-content\\\/uploads\\\/2021\\\/07\\\/tlhub_logo.png\",\"width\":1200,\"height\":650,\"caption\":\"TLhub - tax, accounting and law, all in one place\"},\"image\":{\"@id\":\"https:\\\/\\\/tlhub.pl\\\/en\\\/#\\\/schema\\\/logo\\\/image\\\/\"},\"sameAs\":[\"https:\\\/\\\/www.linkedin.com\\\/company\\\/tl-hub\\\/\"]}]}<\/script>\n<!-- \/ Yoast SEO plugin. -->","yoast_head_json":{"title":"Ongoing tax consulting - TLhub","description":"Nasza firma doradcza prowadzi zar\u00f3wno bie\u017c\u0105ce doradztwo podatkowe, jak r\u00f3wnie\u017c dora\u017ane wsparcie przy wyborze optymalnych podatkowo form prowadzenia dzia\u0142alno\u015bci, podczas restrukturyzacji b\u0105d\u017a zakupie lub sprzeda\u017cy przedsi\u0119biorstwa. Pomagamy przygotowa\u0107 firmom efektywn\u0105 polityk\u0119 podatkow\u0105 i procedury u\u0142atwiaj\u0105ce codzienn\u0105 prac\u0119 dzia\u0142u ksi\u0119gowo\u015bci. Wspieramy w rozliczeniach podatk\u00f3w: PIT, CIT, VAT, VAT-UE i podatku od towar\u00f3w i us\u0142ug przy transakcjach zagranicznych poza obszarem Unii Europejskiej. Doradzamy w zakresie podatku dochodowego PIT oraz od przedsi\u0119biorstw (CIT).","robots":{"index":"index","follow":"follow","max-snippet":"max-snippet:-1","max-image-preview":"max-image-preview:large","max-video-preview":"max-video-preview:-1"},"canonical":"https:\/\/tlhub.pl\/en\/offer\/taxes\/ongoing-tax-consulting\/","og_locale":"en_US","og_type":"article","og_title":"Ongoing tax consulting - TLhub","og_description":"Nasza firma doradcza prowadzi zar\u00f3wno bie\u017c\u0105ce doradztwo podatkowe, jak r\u00f3wnie\u017c dora\u017ane wsparcie przy wyborze optymalnych podatkowo form prowadzenia dzia\u0142alno\u015bci, podczas restrukturyzacji b\u0105d\u017a zakupie lub sprzeda\u017cy przedsi\u0119biorstwa. Pomagamy przygotowa\u0107 firmom efektywn\u0105 polityk\u0119 podatkow\u0105 i procedury u\u0142atwiaj\u0105ce codzienn\u0105 prac\u0119 dzia\u0142u ksi\u0119gowo\u015bci. Wspieramy w rozliczeniach podatk\u00f3w: PIT, CIT, VAT, VAT-UE i podatku od towar\u00f3w i us\u0142ug przy transakcjach zagranicznych poza obszarem Unii Europejskiej. Doradzamy w zakresie podatku dochodowego PIT oraz od przedsi\u0119biorstw (CIT).","og_url":"https:\/\/tlhub.pl\/en\/offer\/taxes\/ongoing-tax-consulting\/","og_site_name":"TLhub","article_modified_time":"2021-08-03T09:06:05+00:00","og_image":[{"width":1200,"height":650,"url":"https:\/\/tlhub.pl\/wp-content\/uploads\/2021\/07\/tlhub_logo.png","type":"image\/png"}],"twitter_card":"summary_large_image","twitter_misc":{"Est. reading time":"3 minutes"},"schema":{"@context":"https:\/\/schema.org","@graph":[{"@type":"WebPage","@id":"https:\/\/tlhub.pl\/en\/offer\/taxes\/ongoing-tax-consulting\/","url":"https:\/\/tlhub.pl\/en\/offer\/taxes\/ongoing-tax-consulting\/","name":"Ongoing tax consulting - TLhub","isPartOf":{"@id":"https:\/\/tlhub.pl\/en\/#website"},"datePublished":"2021-05-25T20:00:50+00:00","dateModified":"2021-08-03T09:06:05+00:00","description":"Nasza firma doradcza prowadzi zar\u00f3wno bie\u017c\u0105ce doradztwo podatkowe, jak r\u00f3wnie\u017c dora\u017ane wsparcie przy wyborze optymalnych podatkowo form prowadzenia dzia\u0142alno\u015bci, podczas restrukturyzacji b\u0105d\u017a zakupie lub sprzeda\u017cy przedsi\u0119biorstwa. Pomagamy przygotowa\u0107 firmom efektywn\u0105 polityk\u0119 podatkow\u0105 i procedury u\u0142atwiaj\u0105ce codzienn\u0105 prac\u0119 dzia\u0142u ksi\u0119gowo\u015bci. Wspieramy w rozliczeniach podatk\u00f3w: PIT, CIT, VAT, VAT-UE i podatku od towar\u00f3w i us\u0142ug przy transakcjach zagranicznych poza obszarem Unii Europejskiej. Doradzamy w zakresie podatku dochodowego PIT oraz od przedsi\u0119biorstw (CIT).","breadcrumb":{"@id":"https:\/\/tlhub.pl\/en\/offer\/taxes\/ongoing-tax-consulting\/#breadcrumb"},"inLanguage":"en-US","potentialAction":[{"@type":"ReadAction","target":["https:\/\/tlhub.pl\/en\/offer\/taxes\/ongoing-tax-consulting\/"]}]},{"@type":"BreadcrumbList","@id":"https:\/\/tlhub.pl\/en\/offer\/taxes\/ongoing-tax-consulting\/#breadcrumb","itemListElement":[{"@type":"ListItem","position":1,"name":"Home","item":"https:\/\/tlhub.pl\/en\/"},{"@type":"ListItem","position":2,"name":"Offer","item":"https:\/\/tlhub.pl\/en\/offer\/"},{"@type":"ListItem","position":3,"name":"Taxes","item":"https:\/\/tlhub.pl\/en\/offer\/taxes\/"},{"@type":"ListItem","position":4,"name":"Ongoing tax consulting"}]},{"@type":"WebSite","@id":"https:\/\/tlhub.pl\/en\/#website","url":"https:\/\/tlhub.pl\/en\/","name":"TLhub","description":"Tax, accounting and law | All in one place","publisher":{"@id":"https:\/\/tlhub.pl\/en\/#organization"},"potentialAction":[{"@type":"SearchAction","target":{"@type":"EntryPoint","urlTemplate":"https:\/\/tlhub.pl\/en\/?s={search_term_string}"},"query-input":{"@type":"PropertyValueSpecification","valueRequired":true,"valueName":"search_term_string"}}],"inLanguage":"en-US"},{"@type":"Organization","@id":"https:\/\/tlhub.pl\/en\/#organization","name":"TLhub - tax, accounting and law, all in one place","url":"https:\/\/tlhub.pl\/en\/","logo":{"@type":"ImageObject","inLanguage":"en-US","@id":"https:\/\/tlhub.pl\/en\/#\/schema\/logo\/image\/","url":"https:\/\/tlhub.pl\/wp-content\/uploads\/2021\/07\/tlhub_logo.png","contentUrl":"https:\/\/tlhub.pl\/wp-content\/uploads\/2021\/07\/tlhub_logo.png","width":1200,"height":650,"caption":"TLhub - tax, accounting and law, all in one place"},"image":{"@id":"https:\/\/tlhub.pl\/en\/#\/schema\/logo\/image\/"},"sameAs":["https:\/\/www.linkedin.com\/company\/tl-hub\/"]}]}},"_links":{"self":[{"href":"https:\/\/tlhub.pl\/en\/wp-json\/wp\/v2\/pages\/1070","targetHints":{"allow":["GET"]}}],"collection":[{"href":"https:\/\/tlhub.pl\/en\/wp-json\/wp\/v2\/pages"}],"about":[{"href":"https:\/\/tlhub.pl\/en\/wp-json\/wp\/v2\/types\/page"}],"author":[{"embeddable":true,"href":"https:\/\/tlhub.pl\/en\/wp-json\/wp\/v2\/users\/1"}],"replies":[{"embeddable":true,"href":"https:\/\/tlhub.pl\/en\/wp-json\/wp\/v2\/comments?post=1070"}],"version-history":[{"count":7,"href":"https:\/\/tlhub.pl\/en\/wp-json\/wp\/v2\/pages\/1070\/revisions"}],"predecessor-version":[{"id":1987,"href":"https:\/\/tlhub.pl\/en\/wp-json\/wp\/v2\/pages\/1070\/revisions\/1987"}],"up":[{"embeddable":true,"href":"https:\/\/tlhub.pl\/en\/wp-json\/wp\/v2\/pages\/1068"}],"wp:attachment":[{"href":"https:\/\/tlhub.pl\/en\/wp-json\/wp\/v2\/media?parent=1070"}],"curies":[{"name":"wp","href":"https:\/\/api.w.org\/{rel}","templated":true}]}}