{"id":1072,"date":"2021-05-25T22:12:00","date_gmt":"2021-05-25T20:12:00","guid":{"rendered":"http:\/\/19.demooo.pl\/oferta\/podatki\/doradztwo-podatkowe-dla-jst\/"},"modified":"2021-08-03T11:09:02","modified_gmt":"2021-08-03T09:09:02","slug":"tax-consulting-for-local-government-units","status":"publish","type":"page","link":"https:\/\/tlhub.pl\/en\/offer\/taxes\/tax-consulting-for-local-government-units\/","title":{"rendered":"Tax consulting for Local Government Units"},"content":{"rendered":"<p><span class=\"TextRun SCXW78115431 BCX0\" lang=\"EN-US\" xml:lang=\"EN-US\" data-contrast=\"auto\"><span class=\"NormalTextRun SCXW78115431 BCX0\">Every day, local government units<\/span><span class=\"NormalTextRun SCXW78115431 BCX0\">\u00a0(<\/span><span class=\"NormalTextRun SCXW78115431 BCX0\">LGUs<\/span><span class=\"NormalTextRun SCXW78115431 BCX0\">)<\/span><span class=\"NormalTextRun SCXW78115431 BCX0\">\u00a0make numerous decisions and actions whose<\/span><span class=\"NormalTextRun SCXW78115431 BCX0\">\u00a0results affect residents of a given region.\u00a0<\/span><span class=\"NormalTextRun SCXW78115431 BCX0\">Thus, every mistake may result in potential appeal proceedings o<\/span><span class=\"NormalTextRun SCXW78115431 BCX0\">r unexpected tax and legal consequences or sanctions.\u00a0<\/span><span class=\"NormalTextRun SCXW78115431 BCX0\">The m<\/span><span class=\"NormalTextRun SCXW78115431 BCX0\">ultitude of investments and activities\u00a0<\/span><span class=\"NormalTextRun SCXW78115431 BCX0\">generates\u00a0<\/span><span class=\"NormalTextRun SCXW78115431 BCX0\">a\u00a0<\/span><span class=\"NormalTextRun SCXW78115431 BCX0\">tax burden\u00a0<\/span><span class=\"NormalTextRun SCXW78115431 BCX0\">that<\/span><span class=\"NormalTextRun SCXW78115431 BCX0\">\u00a0requires prior estimation. Awareness of all legal issues that have an impact on the operation of\u00a0<\/span><span class=\"NormalTextRun SCXW78115431 BCX0\">LGUs<\/span><span class=\"NormalTextRun SCXW78115431 BCX0\">\u00a0enables\u00a0<\/span><span class=\"NormalTextRun SCXW78115431 BCX0\">the\u00a0<\/span><span class=\"NormalTextRun SCXW78115431 BCX0\">selection of the best course of action and efficient actions in all fields.<\/span><\/span><span class=\"EOP SCXW78115431 BCX0\" data-ccp-props=\"{&quot;201341983&quot;:0,&quot;335551550&quot;:6,&quot;335551620&quot;:6,&quot;335559739&quot;:160,&quot;335559740&quot;:259}\">\u00a0<\/span><\/p>\n<p>&nbsp;<\/p>\n<h4><span class=\"TextRun SCXW125233314 BCX0\" lang=\"EN-US\" xml:lang=\"EN-US\" data-contrast=\"auto\"><span class=\"NormalTextRun SCXW125233314 BCX0\">Tax consulting for\u00a0<\/span><span class=\"NormalTextRun SCXW125233314 BCX0\">LGUs<\/span><span class=\"NormalTextRun SCXW125233314 BCX0\">\u00a0\u2013 the scope of<\/span><span class=\"NormalTextRun SCXW125233314 BCX0\"> our services:<\/span><\/span><\/h4>\n<ul>\n<li><span data-contrast=\"none\">audit of the ongoing and planned expenses and investments made\u00a0by\u00a0<\/span><span data-contrast=\"auto\">LGUs<\/span><span data-contrast=\"none\">;\u00a0<\/span><span data-ccp-props=\"{&quot;201341983&quot;:0,&quot;335551550&quot;:6,&quot;335551620&quot;:6,&quot;335559739&quot;:160,&quot;335559740&quot;:240}\">\u00a0<\/span><\/li>\n<li><span data-contrast=\"none\">indication of optimal methods of execution and settlement of investments made by\u00a0LGUs;<\/span><span data-ccp-props=\"{&quot;201341983&quot;:0,&quot;335551550&quot;:6,&quot;335551620&quot;:6,&quot;335559739&quot;:160,&quot;335559740&quot;:240}\">\u00a0<\/span><\/li>\n<li><span data-contrast=\"none\">verification of the tax burden, including VAT, as well as analysis of the possible VAT recovery;<\/span><span data-ccp-props=\"{&quot;201341983&quot;:0,&quot;335551550&quot;:6,&quot;335551620&quot;:6,&quot;335559739&quot;:160,&quot;335559740&quot;:240}\">\u00a0<\/span><\/li>\n<li><span data-contrast=\"none\">submission of motions for individual interpretation of tax law;<\/span><span data-ccp-props=\"{&quot;201341983&quot;:0,&quot;335551550&quot;:6,&quot;335551620&quot;:6,&quot;335559739&quot;:160,&quot;335559740&quot;:240}\">\u00a0<\/span><\/li>\n<li><span data-contrast=\"none\">drafting of corrections of statements and motions to demonstrate overcharge and reclaim VAT;<\/span><span data-ccp-props=\"{&quot;201341983&quot;:0,&quot;335551550&quot;:6,&quot;335551620&quot;:6,&quot;335559739&quot;:160,&quot;335559740&quot;:240}\">\u00a0<\/span><\/li>\n<li><span data-contrast=\"none\">consulting within tax documentation, including VAT statements submitted by\u00a0<\/span><span data-contrast=\"auto\">LGUs\u00a0and entities subject to them;<\/span><span data-ccp-props=\"{&quot;201341983&quot;:0,&quot;335551550&quot;:6,&quot;335551620&quot;:6,&quot;335559739&quot;:160,&quot;335559740&quot;:240}\">\u00a0<\/span><\/li>\n<li><span data-contrast=\"auto\">support within legislation regarding taxes and local charges as well as\u00a0the\u00a0application of the regulations of substantive and enforcement law;<\/span><span data-ccp-props=\"{&quot;201341983&quot;:0,&quot;335551550&quot;:6,&quot;335551620&quot;:6,&quot;335559739&quot;:160,&quot;335559740&quot;:240}\">\u00a0<\/span><\/li>\n<li><span data-contrast=\"auto\">tax and legal consulting within appeals against administrative decisions, complaints about rulings, demands to reopen proceedings or declaration of invalidity of decisions submitted to local-government appeal courts;<\/span><span data-ccp-props=\"{&quot;201341983&quot;:0,&quot;335551550&quot;:6,&quot;335551620&quot;:6,&quot;335559739&quot;:160,&quot;335559740&quot;:240}\">\u00a0<\/span><\/li>\n<li><span data-contrast=\"auto\">representation of\u00a0LGUs\u00a0and entities subject to them before tax authorities and administrative courts;<\/span><span data-ccp-props=\"{&quot;201341983&quot;:0,&quot;335551550&quot;:6,&quot;335551620&quot;:6,&quot;335559739&quot;:160,&quot;335559740&quot;:240}\">\u00a0<\/span><\/li>\n<li><span data-contrast=\"auto\">support during controls in\u00a0LGUs\u00a0and entities subject to them;<\/span><span data-ccp-props=\"{&quot;201341983&quot;:0,&quot;335551550&quot;:6,&quot;335551620&quot;:6,&quot;335559739&quot;:160,&quot;335559740&quot;:240}\">\u00a0<\/span><\/li>\n<li><span data-contrast=\"auto\">drafting of tax and legal opinions and interpretations;<\/span><span data-ccp-props=\"{&quot;201341983&quot;:0,&quot;335551550&quot;:6,&quot;335551620&quot;:6,&quot;335559739&quot;:160,&quot;335559740&quot;:240}\">\u00a0<\/span><\/li>\n<li><span data-contrast=\"none\">support within obtaining and settlement of\u00a0financing\u00a0from EU and ministerial funds;<\/span><span data-ccp-props=\"{&quot;201341983&quot;:0,&quot;335551550&quot;:6,&quot;335551620&quot;:6,&quot;335559739&quot;:160,&quot;335559740&quot;:240}\">\u00a0<\/span><\/li>\n<li><span data-contrast=\"none\">training courses for\u00a0LGUs\u00a0and entities subject to them on tax law.<\/span><span data-ccp-props=\"{&quot;201341983&quot;:0,&quot;335551550&quot;:6,&quot;335551620&quot;:6,&quot;335559739&quot;:160,&quot;335559740&quot;:240}\">\u00a0<\/span><\/li>\n<\/ul>\n<h4><span class=\"TextRun SCXW35674883 BCX0\" lang=\"EN-US\" xml:lang=\"EN-US\" data-contrast=\"auto\"><span class=\"NormalTextRun SCXW35674883 BCX0\">How do we help?<\/span><\/span><span class=\"EOP SCXW35674883 BCX0\" data-ccp-props=\"{&quot;201341983&quot;:0,&quot;335551550&quot;:6,&quot;335551620&quot;:6,&quot;335559739&quot;:160,&quot;335559740&quot;:259}\">\u00a0<\/span><\/h4>\n<p>&nbsp;<\/p>\n<p><span data-contrast=\"auto\">Tax advisors from our firm conduct audits of the ongoing and planned expenses and investments made by\u00a0LGUs\u00a0in order to verify the possibility of reclaiming VAT on purchases that have been made. They indicate optimal methods of execution and settlement of investments and help draft statements, their corrections, and motions to demonstrate VAT overcharge. If need be, they\u00a0submit motions for individual interpretation of tax law. They also provide consulting within tax documentation, including VAT statements submitted by\u00a0LGUs\u00a0and entities subject to them.<\/span><span data-ccp-props=\"{&quot;201341983&quot;:0,&quot;335551550&quot;:6,&quot;335551620&quot;:6,&quot;335559739&quot;:160,&quot;335559740&quot;:259}\">\u00a0<\/span><\/p>\n<p>&nbsp;<\/p>\n<p><span data-contrast=\"auto\">Our attorneys at law and tax advisors also support\u00a0LGUs\u00a0within\u00a0legislation regarding taxes and local charges as well as the application of\u00a0substantive and enforcement law.\u00a0They represent\u00a0LGUs\u00a0and entities subject to them before tax authorities and administrative courts as well as during controls.\u00a0<\/span><span data-ccp-props=\"{&quot;201341983&quot;:0,&quot;335551550&quot;:6,&quot;335551620&quot;:6,&quot;335559739&quot;:160,&quot;335559740&quot;:259}\">\u00a0<\/span><\/p>\n<p>&nbsp;<\/p>\n<p><span data-contrast=\"auto\"><span style=\"color: #00ccff;\"><strong><span style=\"color: #1faaff;\">TLhub<\/span><\/strong> <\/span>drafts tax and legal opinions and interpretations. We organize training courses for LGUs and entities subject to them on tax law.<\/span><span data-ccp-props=\"{&quot;201341983&quot;:0,&quot;335551550&quot;:6,&quot;335551620&quot;:6,&quot;335559739&quot;:160,&quot;335559740&quot;:259}\">\u00a0<\/span><\/p>\n<p>&nbsp;<\/p>\n<h4>Why <span style=\"color: #1faaff;\">TLhub<\/span>?<\/h4>\n<p>&nbsp;<\/p>\n<p><span data-contrast=\"auto\">We have extensive experience\u00a0in\u00a0tax consulting for\u00a0LGUs.\u00a0We have supported cities and communes during investments and provided consulting services to entities subject to them.\u00a0We support the ongoing activity, drafting interpretations of regulations and organizing training courses.\u00a0<\/span><span data-ccp-props=\"{&quot;201341983&quot;:0,&quot;335551550&quot;:6,&quot;335551620&quot;:6,&quot;335559739&quot;:160,&quot;335559740&quot;:259}\">\u00a0<\/span><\/p>\n<p>&nbsp;<\/p>\n<p><span data-contrast=\"auto\">We also offer comprehensive services within VAT settlement. We verify the possibility of VAT recovery for\u00a0LGUs\u00a0and make sure their statements are correct. We also support\u00a0LGUs\u00a0which decide to apply for financing from EU funds or individual ministries and we indicate all essential activities to be made for their settlement.\u00a0<\/span><span data-ccp-props=\"{&quot;201341983&quot;:0,&quot;335551550&quot;:6,&quot;335551620&quot;:6,&quot;335559739&quot;:160,&quot;335559740&quot;:259}\">\u00a0<\/span><\/p>\n<p>&nbsp;<\/p>\n<p><span data-contrast=\"auto\">Do not hesitate to\u00a0<\/span><a href=\"https:\/\/tlhub.pl\/en\/contact\/\"><span data-contrast=\"none\">contact us<\/span><\/a><span data-contrast=\"none\">\u202f<\/span><span data-contrast=\"auto\">in order to obtain more detailed information.<\/span><span data-ccp-props=\"{&quot;201341983&quot;:0,&quot;335551550&quot;:6,&quot;335551620&quot;:6,&quot;335559739&quot;:160,&quot;335559740&quot;:240}\">\u00a0<\/span><\/p>\n","protected":false},"excerpt":{"rendered":"<p>Every day, local government units\u00a0(LGUs)\u00a0make numerous decisions and actions whose\u00a0results affect residents of a given region.\u00a0Thus, every mistake may result in potential appeal proceedings or unexpected tax and legal consequences or sanctions.\u00a0The multitude of investments and activities\u00a0generates\u00a0a\u00a0tax burden\u00a0that\u00a0requires prior estimation. Awareness of all legal issues that have an impact on the operation of\u00a0LGUs\u00a0enables\u00a0the\u00a0selection of the [&hellip;]<\/p>\n","protected":false},"author":1,"featured_media":0,"parent":1068,"menu_order":4,"comment_status":"closed","ping_status":"closed","template":"page-templates\/offer-subpage.php","meta":{"_acf_changed":false,"inline_featured_image":false,"footnotes":""},"class_list":["post-1072","page","type-page","status-publish","hentry"],"acf":[],"yoast_head":"<!-- This site is optimized with the Yoast SEO plugin v27.3 - https:\/\/yoast.com\/product\/yoast-seo-wordpress\/ -->\n<title>Tax consulting for Local Government Units - TLhub<\/title>\n<meta name=\"description\" content=\"Jednostki samorz\u0105du terytorialnego podejmuj\u0105 codziennie szereg decyzji i dzia\u0142a\u0144, kt\u00f3rych skutki odczuwaj\u0105 mieszka\u0144cy danego samorz\u0105du. Tym samym ka\u017cdy b\u0142\u0105d skutkowa\u0107 mo\u017ce potencjalnie post\u0119powaniami odwo\u0142awczymi czy te\u017c nieprzewidzianymi skutkami prawno-podatkowymi lub sankcjami. Mnogo\u015b\u0107 inwestycji i prowadzonych dzia\u0142a\u0144 generuje tak\u017ce obci\u0105\u017cenia podatkowe, a te wymagaj\u0105 wcze\u015bniejszego oszacowania. \u015awiadomo\u015b\u0107 wszystkich zagadnie\u0144 prawnych wp\u0142ywaj\u0105cych na funkcjonowanie JST umo\u017cliwia wybranie najlepszej drogi post\u0119powania i efektywne dzia\u0142anie we wszystkich obszarach.\" \/>\n<meta name=\"robots\" content=\"index, follow, max-snippet:-1, max-image-preview:large, max-video-preview:-1\" \/>\n<link rel=\"canonical\" href=\"https:\/\/tlhub.pl\/en\/offer\/taxes\/tax-consulting-for-local-government-units\/\" \/>\n<meta property=\"og:locale\" content=\"en_US\" \/>\n<meta property=\"og:type\" content=\"article\" \/>\n<meta property=\"og:title\" content=\"Tax consulting for Local Government Units - TLhub\" \/>\n<meta property=\"og:description\" content=\"Jednostki samorz\u0105du terytorialnego podejmuj\u0105 codziennie szereg decyzji i dzia\u0142a\u0144, kt\u00f3rych skutki odczuwaj\u0105 mieszka\u0144cy danego samorz\u0105du. Tym samym ka\u017cdy b\u0142\u0105d skutkowa\u0107 mo\u017ce potencjalnie post\u0119powaniami odwo\u0142awczymi czy te\u017c nieprzewidzianymi skutkami prawno-podatkowymi lub sankcjami. Mnogo\u015b\u0107 inwestycji i prowadzonych dzia\u0142a\u0144 generuje tak\u017ce obci\u0105\u017cenia podatkowe, a te wymagaj\u0105 wcze\u015bniejszego oszacowania. \u015awiadomo\u015b\u0107 wszystkich zagadnie\u0144 prawnych wp\u0142ywaj\u0105cych na funkcjonowanie JST umo\u017cliwia wybranie najlepszej drogi post\u0119powania i efektywne dzia\u0142anie we wszystkich obszarach.\" \/>\n<meta property=\"og:url\" content=\"https:\/\/tlhub.pl\/en\/offer\/taxes\/tax-consulting-for-local-government-units\/\" \/>\n<meta property=\"og:site_name\" content=\"TLhub\" \/>\n<meta property=\"article:modified_time\" content=\"2021-08-03T09:09:02+00:00\" \/>\n<meta property=\"og:image\" content=\"https:\/\/tlhub.pl\/wp-content\/uploads\/2021\/07\/tlhub_logo.png\" \/>\n\t<meta property=\"og:image:width\" content=\"1200\" \/>\n\t<meta property=\"og:image:height\" content=\"650\" \/>\n\t<meta property=\"og:image:type\" content=\"image\/png\" \/>\n<meta name=\"twitter:card\" content=\"summary_large_image\" \/>\n<meta name=\"twitter:label1\" content=\"Est. reading time\" \/>\n\t<meta name=\"twitter:data1\" content=\"3 minutes\" \/>\n<script type=\"application\/ld+json\" class=\"yoast-schema-graph\">{\"@context\":\"https:\\\/\\\/schema.org\",\"@graph\":[{\"@type\":\"WebPage\",\"@id\":\"https:\\\/\\\/tlhub.pl\\\/en\\\/offer\\\/taxes\\\/tax-consulting-for-local-government-units\\\/\",\"url\":\"https:\\\/\\\/tlhub.pl\\\/en\\\/offer\\\/taxes\\\/tax-consulting-for-local-government-units\\\/\",\"name\":\"Tax consulting for Local Government Units - TLhub\",\"isPartOf\":{\"@id\":\"https:\\\/\\\/tlhub.pl\\\/en\\\/#website\"},\"datePublished\":\"2021-05-25T20:12:00+00:00\",\"dateModified\":\"2021-08-03T09:09:02+00:00\",\"description\":\"Jednostki samorz\u0105du terytorialnego podejmuj\u0105 codziennie szereg decyzji i dzia\u0142a\u0144, kt\u00f3rych skutki odczuwaj\u0105 mieszka\u0144cy danego samorz\u0105du. Tym samym ka\u017cdy b\u0142\u0105d skutkowa\u0107 mo\u017ce potencjalnie post\u0119powaniami odwo\u0142awczymi czy te\u017c nieprzewidzianymi skutkami prawno-podatkowymi lub sankcjami. Mnogo\u015b\u0107 inwestycji i prowadzonych dzia\u0142a\u0144 generuje tak\u017ce obci\u0105\u017cenia podatkowe, a te wymagaj\u0105 wcze\u015bniejszego oszacowania. \u015awiadomo\u015b\u0107 wszystkich zagadnie\u0144 prawnych wp\u0142ywaj\u0105cych na funkcjonowanie JST umo\u017cliwia wybranie najlepszej drogi post\u0119powania i efektywne dzia\u0142anie we wszystkich obszarach.\",\"breadcrumb\":{\"@id\":\"https:\\\/\\\/tlhub.pl\\\/en\\\/offer\\\/taxes\\\/tax-consulting-for-local-government-units\\\/#breadcrumb\"},\"inLanguage\":\"en-US\",\"potentialAction\":[{\"@type\":\"ReadAction\",\"target\":[\"https:\\\/\\\/tlhub.pl\\\/en\\\/offer\\\/taxes\\\/tax-consulting-for-local-government-units\\\/\"]}]},{\"@type\":\"BreadcrumbList\",\"@id\":\"https:\\\/\\\/tlhub.pl\\\/en\\\/offer\\\/taxes\\\/tax-consulting-for-local-government-units\\\/#breadcrumb\",\"itemListElement\":[{\"@type\":\"ListItem\",\"position\":1,\"name\":\"Home\",\"item\":\"https:\\\/\\\/tlhub.pl\\\/en\\\/\"},{\"@type\":\"ListItem\",\"position\":2,\"name\":\"Offer\",\"item\":\"https:\\\/\\\/tlhub.pl\\\/en\\\/offer\\\/\"},{\"@type\":\"ListItem\",\"position\":3,\"name\":\"Taxes\",\"item\":\"https:\\\/\\\/tlhub.pl\\\/en\\\/offer\\\/taxes\\\/\"},{\"@type\":\"ListItem\",\"position\":4,\"name\":\"Tax consulting for Local Government Units\"}]},{\"@type\":\"WebSite\",\"@id\":\"https:\\\/\\\/tlhub.pl\\\/en\\\/#website\",\"url\":\"https:\\\/\\\/tlhub.pl\\\/en\\\/\",\"name\":\"TLhub\",\"description\":\"Tax, accounting and law | All in one place\",\"publisher\":{\"@id\":\"https:\\\/\\\/tlhub.pl\\\/en\\\/#organization\"},\"potentialAction\":[{\"@type\":\"SearchAction\",\"target\":{\"@type\":\"EntryPoint\",\"urlTemplate\":\"https:\\\/\\\/tlhub.pl\\\/en\\\/?s={search_term_string}\"},\"query-input\":{\"@type\":\"PropertyValueSpecification\",\"valueRequired\":true,\"valueName\":\"search_term_string\"}}],\"inLanguage\":\"en-US\"},{\"@type\":\"Organization\",\"@id\":\"https:\\\/\\\/tlhub.pl\\\/en\\\/#organization\",\"name\":\"TLhub - tax, accounting and law, all in one place\",\"url\":\"https:\\\/\\\/tlhub.pl\\\/en\\\/\",\"logo\":{\"@type\":\"ImageObject\",\"inLanguage\":\"en-US\",\"@id\":\"https:\\\/\\\/tlhub.pl\\\/en\\\/#\\\/schema\\\/logo\\\/image\\\/\",\"url\":\"https:\\\/\\\/tlhub.pl\\\/wp-content\\\/uploads\\\/2021\\\/07\\\/tlhub_logo.png\",\"contentUrl\":\"https:\\\/\\\/tlhub.pl\\\/wp-content\\\/uploads\\\/2021\\\/07\\\/tlhub_logo.png\",\"width\":1200,\"height\":650,\"caption\":\"TLhub - tax, accounting and law, all in one place\"},\"image\":{\"@id\":\"https:\\\/\\\/tlhub.pl\\\/en\\\/#\\\/schema\\\/logo\\\/image\\\/\"},\"sameAs\":[\"https:\\\/\\\/www.linkedin.com\\\/company\\\/tl-hub\\\/\"]}]}<\/script>\n<!-- \/ Yoast SEO plugin. -->","yoast_head_json":{"title":"Tax consulting for Local Government Units - TLhub","description":"Jednostki samorz\u0105du terytorialnego podejmuj\u0105 codziennie szereg decyzji i dzia\u0142a\u0144, kt\u00f3rych skutki odczuwaj\u0105 mieszka\u0144cy danego samorz\u0105du. Tym samym ka\u017cdy b\u0142\u0105d skutkowa\u0107 mo\u017ce potencjalnie post\u0119powaniami odwo\u0142awczymi czy te\u017c nieprzewidzianymi skutkami prawno-podatkowymi lub sankcjami. Mnogo\u015b\u0107 inwestycji i prowadzonych dzia\u0142a\u0144 generuje tak\u017ce obci\u0105\u017cenia podatkowe, a te wymagaj\u0105 wcze\u015bniejszego oszacowania. \u015awiadomo\u015b\u0107 wszystkich zagadnie\u0144 prawnych wp\u0142ywaj\u0105cych na funkcjonowanie JST umo\u017cliwia wybranie najlepszej drogi post\u0119powania i efektywne dzia\u0142anie we wszystkich obszarach.","robots":{"index":"index","follow":"follow","max-snippet":"max-snippet:-1","max-image-preview":"max-image-preview:large","max-video-preview":"max-video-preview:-1"},"canonical":"https:\/\/tlhub.pl\/en\/offer\/taxes\/tax-consulting-for-local-government-units\/","og_locale":"en_US","og_type":"article","og_title":"Tax consulting for Local Government Units - TLhub","og_description":"Jednostki samorz\u0105du terytorialnego podejmuj\u0105 codziennie szereg decyzji i dzia\u0142a\u0144, kt\u00f3rych skutki odczuwaj\u0105 mieszka\u0144cy danego samorz\u0105du. Tym samym ka\u017cdy b\u0142\u0105d skutkowa\u0107 mo\u017ce potencjalnie post\u0119powaniami odwo\u0142awczymi czy te\u017c nieprzewidzianymi skutkami prawno-podatkowymi lub sankcjami. Mnogo\u015b\u0107 inwestycji i prowadzonych dzia\u0142a\u0144 generuje tak\u017ce obci\u0105\u017cenia podatkowe, a te wymagaj\u0105 wcze\u015bniejszego oszacowania. \u015awiadomo\u015b\u0107 wszystkich zagadnie\u0144 prawnych wp\u0142ywaj\u0105cych na funkcjonowanie JST umo\u017cliwia wybranie najlepszej drogi post\u0119powania i efektywne dzia\u0142anie we wszystkich obszarach.","og_url":"https:\/\/tlhub.pl\/en\/offer\/taxes\/tax-consulting-for-local-government-units\/","og_site_name":"TLhub","article_modified_time":"2021-08-03T09:09:02+00:00","og_image":[{"width":1200,"height":650,"url":"https:\/\/tlhub.pl\/wp-content\/uploads\/2021\/07\/tlhub_logo.png","type":"image\/png"}],"twitter_card":"summary_large_image","twitter_misc":{"Est. reading time":"3 minutes"},"schema":{"@context":"https:\/\/schema.org","@graph":[{"@type":"WebPage","@id":"https:\/\/tlhub.pl\/en\/offer\/taxes\/tax-consulting-for-local-government-units\/","url":"https:\/\/tlhub.pl\/en\/offer\/taxes\/tax-consulting-for-local-government-units\/","name":"Tax consulting for Local Government Units - TLhub","isPartOf":{"@id":"https:\/\/tlhub.pl\/en\/#website"},"datePublished":"2021-05-25T20:12:00+00:00","dateModified":"2021-08-03T09:09:02+00:00","description":"Jednostki samorz\u0105du terytorialnego podejmuj\u0105 codziennie szereg decyzji i dzia\u0142a\u0144, kt\u00f3rych skutki odczuwaj\u0105 mieszka\u0144cy danego samorz\u0105du. Tym samym ka\u017cdy b\u0142\u0105d skutkowa\u0107 mo\u017ce potencjalnie post\u0119powaniami odwo\u0142awczymi czy te\u017c nieprzewidzianymi skutkami prawno-podatkowymi lub sankcjami. Mnogo\u015b\u0107 inwestycji i prowadzonych dzia\u0142a\u0144 generuje tak\u017ce obci\u0105\u017cenia podatkowe, a te wymagaj\u0105 wcze\u015bniejszego oszacowania. \u015awiadomo\u015b\u0107 wszystkich zagadnie\u0144 prawnych wp\u0142ywaj\u0105cych na funkcjonowanie JST umo\u017cliwia wybranie najlepszej drogi post\u0119powania i efektywne dzia\u0142anie we wszystkich obszarach.","breadcrumb":{"@id":"https:\/\/tlhub.pl\/en\/offer\/taxes\/tax-consulting-for-local-government-units\/#breadcrumb"},"inLanguage":"en-US","potentialAction":[{"@type":"ReadAction","target":["https:\/\/tlhub.pl\/en\/offer\/taxes\/tax-consulting-for-local-government-units\/"]}]},{"@type":"BreadcrumbList","@id":"https:\/\/tlhub.pl\/en\/offer\/taxes\/tax-consulting-for-local-government-units\/#breadcrumb","itemListElement":[{"@type":"ListItem","position":1,"name":"Home","item":"https:\/\/tlhub.pl\/en\/"},{"@type":"ListItem","position":2,"name":"Offer","item":"https:\/\/tlhub.pl\/en\/offer\/"},{"@type":"ListItem","position":3,"name":"Taxes","item":"https:\/\/tlhub.pl\/en\/offer\/taxes\/"},{"@type":"ListItem","position":4,"name":"Tax consulting for Local Government Units"}]},{"@type":"WebSite","@id":"https:\/\/tlhub.pl\/en\/#website","url":"https:\/\/tlhub.pl\/en\/","name":"TLhub","description":"Tax, accounting and law | All in one place","publisher":{"@id":"https:\/\/tlhub.pl\/en\/#organization"},"potentialAction":[{"@type":"SearchAction","target":{"@type":"EntryPoint","urlTemplate":"https:\/\/tlhub.pl\/en\/?s={search_term_string}"},"query-input":{"@type":"PropertyValueSpecification","valueRequired":true,"valueName":"search_term_string"}}],"inLanguage":"en-US"},{"@type":"Organization","@id":"https:\/\/tlhub.pl\/en\/#organization","name":"TLhub - tax, accounting and law, all in one place","url":"https:\/\/tlhub.pl\/en\/","logo":{"@type":"ImageObject","inLanguage":"en-US","@id":"https:\/\/tlhub.pl\/en\/#\/schema\/logo\/image\/","url":"https:\/\/tlhub.pl\/wp-content\/uploads\/2021\/07\/tlhub_logo.png","contentUrl":"https:\/\/tlhub.pl\/wp-content\/uploads\/2021\/07\/tlhub_logo.png","width":1200,"height":650,"caption":"TLhub - tax, accounting and law, all in one place"},"image":{"@id":"https:\/\/tlhub.pl\/en\/#\/schema\/logo\/image\/"},"sameAs":["https:\/\/www.linkedin.com\/company\/tl-hub\/"]}]}},"_links":{"self":[{"href":"https:\/\/tlhub.pl\/en\/wp-json\/wp\/v2\/pages\/1072","targetHints":{"allow":["GET"]}}],"collection":[{"href":"https:\/\/tlhub.pl\/en\/wp-json\/wp\/v2\/pages"}],"about":[{"href":"https:\/\/tlhub.pl\/en\/wp-json\/wp\/v2\/types\/page"}],"author":[{"embeddable":true,"href":"https:\/\/tlhub.pl\/en\/wp-json\/wp\/v2\/users\/1"}],"replies":[{"embeddable":true,"href":"https:\/\/tlhub.pl\/en\/wp-json\/wp\/v2\/comments?post=1072"}],"version-history":[{"count":6,"href":"https:\/\/tlhub.pl\/en\/wp-json\/wp\/v2\/pages\/1072\/revisions"}],"predecessor-version":[{"id":1989,"href":"https:\/\/tlhub.pl\/en\/wp-json\/wp\/v2\/pages\/1072\/revisions\/1989"}],"up":[{"embeddable":true,"href":"https:\/\/tlhub.pl\/en\/wp-json\/wp\/v2\/pages\/1068"}],"wp:attachment":[{"href":"https:\/\/tlhub.pl\/en\/wp-json\/wp\/v2\/media?parent=1072"}],"curies":[{"name":"wp","href":"https:\/\/api.w.org\/{rel}","templated":true}]}}