{"id":1077,"date":"2021-07-08T11:52:40","date_gmt":"2021-07-08T09:52:40","guid":{"rendered":"http:\/\/19.demooo.pl\/oferta\/podatki\/podatek-od-nieruchomosci\/"},"modified":"2021-07-27T11:37:53","modified_gmt":"2021-07-27T09:37:53","slug":"real-property-tax","status":"publish","type":"page","link":"https:\/\/tlhub.pl\/en\/offer\/taxes\/real-property-tax\/","title":{"rendered":"Real property tax"},"content":{"rendered":"<p>We provide a wide range of services including tax and legal consulting, tax audits, conducting proceedings and organising training courses.<\/p>\n<p>&nbsp;<\/p>\n<h4>Real property tax \u2013 the scope of our services:<\/h4>\n<ul>\n<li>ongoing consulting in matters regarding taxation (including via telephone);<\/li>\n<li>advice concerning optimisation possibilities;<\/li>\n<li>advice concerning identification of land, buildings (premises) or structures subject to taxation;<\/li>\n<li>advice concerning determination of tax point, taxable amount and the amount of tax;<\/li>\n<li>preparing tax returns;<\/li>\n<li>preparing legal opinions concerning taxes;<\/li>\n<li>drawing up requests for individual tax rulings;<\/li>\n<li>drawing up and analysing agreements with attention to tax consequences.\u200b<\/li>\n<\/ul>\n<h4>Why <span style=\"color: #1faaff;\">TLhub<\/span>?<\/h4>\n<p>&nbsp;<\/p>\n<p>We have considerable experience in providing comprehensive service in the scope of real property tax. We work for local government authorities, tax authorities and taxpayers, including entrepreneurs. We combine our experience in providing services to entities which are obligated to pay real property taxes with reliable expertise and knowledge of interpretations expressed in case law and tax legislation, which enables us to deliver solutions that are safe and adjusted to your individual situation.<\/p>\n<p>&nbsp;<\/p>\n<p>Our experience also includes representing our clients in tax audits, tax inspections as well as in tax and administrative proceedings.<\/p>\n<p>&nbsp;<\/p>\n<p><span class=\"TextRun SCXW95945574 BCX0\" lang=\"EN-US\" xml:lang=\"EN-US\" data-contrast=\"auto\"><span class=\"NormalTextRun SCXW95945574 BCX0\">Do not hesitate to\u00a0<\/span><\/span><a class=\"Hyperlink SCXW95945574 BCX0\" href=\"https:\/\/tlhub.pl\/en\/contact\/\" target=\"_blank\" rel=\"noreferrer noopener\"><span class=\"TextRun Underlined SCXW95945574 BCX0\" lang=\"EN-US\" xml:lang=\"EN-US\" data-contrast=\"none\"><span class=\"NormalTextRun SCXW95945574 BCX0\" data-ccp-charstyle=\"Hyperlink\">contact us<\/span><\/span><\/a><span class=\"TextRun SCXW95945574 BCX0\" lang=\"EN-US\" xml:lang=\"EN-US\" data-contrast=\"none\"><span class=\"NormalTextRun SCXW95945574 BCX0\">\u202f<\/span><\/span><span class=\"TextRun SCXW95945574 BCX0\" lang=\"EN-US\" xml:lang=\"EN-US\" data-contrast=\"auto\"><span class=\"NormalTextRun SCXW95945574 BCX0\">in order to obtain more detailed information.<\/span><\/span><span class=\"EOP SCXW95945574 BCX0\" data-ccp-props=\"{&quot;201341983&quot;:0,&quot;335551550&quot;:6,&quot;335551620&quot;:6,&quot;335559739&quot;:160,&quot;335559740&quot;:240}\">\u00a0<\/span><\/p>\n","protected":false},"excerpt":{"rendered":"<p>We provide a wide range of services including tax and legal consulting, tax audits, conducting proceedings and organising training courses. &nbsp; Real property tax \u2013 the scope of our services: ongoing consulting in matters regarding taxation (including via telephone); advice concerning optimisation possibilities; advice concerning identification of land, buildings (premises) or structures subject to taxation; [&hellip;]<\/p>\n","protected":false},"author":1,"featured_media":0,"parent":1068,"menu_order":9,"comment_status":"closed","ping_status":"closed","template":"page-templates\/offer-subpage.php","meta":{"_acf_changed":false,"inline_featured_image":false,"footnotes":""},"class_list":["post-1077","page","type-page","status-publish","hentry"],"acf":[],"yoast_head":"<!-- This site is optimized with the Yoast SEO plugin v27.3 - https:\/\/yoast.com\/product\/yoast-seo-wordpress\/ -->\n<title>Real property tax - TLhub<\/title>\n<meta name=\"description\" content=\"\u015awiadczymy szeroki zakres us\u0142ug obejmuj\u0105cy doradztwo podatkowe i prawne, przegl\u0105dy podatkowe, prowadzenie post\u0119powa\u0144 oraz organizacj\u0119 szkole\u0144.\" \/>\n<meta name=\"robots\" content=\"index, follow, max-snippet:-1, max-image-preview:large, max-video-preview:-1\" \/>\n<link rel=\"canonical\" href=\"https:\/\/tlhub.pl\/en\/offer\/taxes\/real-property-tax\/\" \/>\n<meta property=\"og:locale\" content=\"en_US\" \/>\n<meta property=\"og:type\" content=\"article\" \/>\n<meta property=\"og:title\" content=\"Real property tax - TLhub\" \/>\n<meta property=\"og:description\" content=\"\u015awiadczymy szeroki zakres us\u0142ug obejmuj\u0105cy doradztwo podatkowe i prawne, przegl\u0105dy podatkowe, prowadzenie post\u0119powa\u0144 oraz organizacj\u0119 szkole\u0144.\" \/>\n<meta property=\"og:url\" content=\"https:\/\/tlhub.pl\/en\/offer\/taxes\/real-property-tax\/\" \/>\n<meta property=\"og:site_name\" content=\"TLhub\" \/>\n<meta property=\"article:modified_time\" content=\"2021-07-27T09:37:53+00:00\" \/>\n<meta property=\"og:image\" content=\"https:\/\/tlhub.pl\/wp-content\/uploads\/2021\/07\/tlhub_logo.png\" \/>\n\t<meta property=\"og:image:width\" content=\"1200\" \/>\n\t<meta property=\"og:image:height\" content=\"650\" \/>\n\t<meta property=\"og:image:type\" content=\"image\/png\" \/>\n<meta name=\"twitter:card\" content=\"summary_large_image\" \/>\n<meta name=\"twitter:label1\" content=\"Est. reading time\" \/>\n\t<meta name=\"twitter:data1\" content=\"1 minute\" \/>\n<script type=\"application\/ld+json\" class=\"yoast-schema-graph\">{\"@context\":\"https:\\\/\\\/schema.org\",\"@graph\":[{\"@type\":\"WebPage\",\"@id\":\"https:\\\/\\\/tlhub.pl\\\/en\\\/offer\\\/taxes\\\/real-property-tax\\\/\",\"url\":\"https:\\\/\\\/tlhub.pl\\\/en\\\/offer\\\/taxes\\\/real-property-tax\\\/\",\"name\":\"Real property tax - TLhub\",\"isPartOf\":{\"@id\":\"https:\\\/\\\/tlhub.pl\\\/en\\\/#website\"},\"datePublished\":\"2021-07-08T09:52:40+00:00\",\"dateModified\":\"2021-07-27T09:37:53+00:00\",\"description\":\"\u015awiadczymy szeroki zakres us\u0142ug obejmuj\u0105cy doradztwo podatkowe i prawne, przegl\u0105dy podatkowe, prowadzenie post\u0119powa\u0144 oraz organizacj\u0119 szkole\u0144.\",\"breadcrumb\":{\"@id\":\"https:\\\/\\\/tlhub.pl\\\/en\\\/offer\\\/taxes\\\/real-property-tax\\\/#breadcrumb\"},\"inLanguage\":\"en-US\",\"potentialAction\":[{\"@type\":\"ReadAction\",\"target\":[\"https:\\\/\\\/tlhub.pl\\\/en\\\/offer\\\/taxes\\\/real-property-tax\\\/\"]}]},{\"@type\":\"BreadcrumbList\",\"@id\":\"https:\\\/\\\/tlhub.pl\\\/en\\\/offer\\\/taxes\\\/real-property-tax\\\/#breadcrumb\",\"itemListElement\":[{\"@type\":\"ListItem\",\"position\":1,\"name\":\"Home\",\"item\":\"https:\\\/\\\/tlhub.pl\\\/en\\\/\"},{\"@type\":\"ListItem\",\"position\":2,\"name\":\"Offer\",\"item\":\"https:\\\/\\\/tlhub.pl\\\/en\\\/offer\\\/\"},{\"@type\":\"ListItem\",\"position\":3,\"name\":\"Taxes\",\"item\":\"https:\\\/\\\/tlhub.pl\\\/en\\\/offer\\\/taxes\\\/\"},{\"@type\":\"ListItem\",\"position\":4,\"name\":\"Real property tax\"}]},{\"@type\":\"WebSite\",\"@id\":\"https:\\\/\\\/tlhub.pl\\\/en\\\/#website\",\"url\":\"https:\\\/\\\/tlhub.pl\\\/en\\\/\",\"name\":\"TLhub\",\"description\":\"Tax, accounting and law | All in one place\",\"publisher\":{\"@id\":\"https:\\\/\\\/tlhub.pl\\\/en\\\/#organization\"},\"potentialAction\":[{\"@type\":\"SearchAction\",\"target\":{\"@type\":\"EntryPoint\",\"urlTemplate\":\"https:\\\/\\\/tlhub.pl\\\/en\\\/?s={search_term_string}\"},\"query-input\":{\"@type\":\"PropertyValueSpecification\",\"valueRequired\":true,\"valueName\":\"search_term_string\"}}],\"inLanguage\":\"en-US\"},{\"@type\":\"Organization\",\"@id\":\"https:\\\/\\\/tlhub.pl\\\/en\\\/#organization\",\"name\":\"TLhub - tax, accounting and law, all in one place\",\"url\":\"https:\\\/\\\/tlhub.pl\\\/en\\\/\",\"logo\":{\"@type\":\"ImageObject\",\"inLanguage\":\"en-US\",\"@id\":\"https:\\\/\\\/tlhub.pl\\\/en\\\/#\\\/schema\\\/logo\\\/image\\\/\",\"url\":\"https:\\\/\\\/tlhub.pl\\\/wp-content\\\/uploads\\\/2021\\\/07\\\/tlhub_logo.png\",\"contentUrl\":\"https:\\\/\\\/tlhub.pl\\\/wp-content\\\/uploads\\\/2021\\\/07\\\/tlhub_logo.png\",\"width\":1200,\"height\":650,\"caption\":\"TLhub - tax, accounting and law, all in one place\"},\"image\":{\"@id\":\"https:\\\/\\\/tlhub.pl\\\/en\\\/#\\\/schema\\\/logo\\\/image\\\/\"},\"sameAs\":[\"https:\\\/\\\/www.linkedin.com\\\/company\\\/tl-hub\\\/\"]}]}<\/script>\n<!-- \/ Yoast SEO plugin. -->","yoast_head_json":{"title":"Real property tax - TLhub","description":"\u015awiadczymy szeroki zakres us\u0142ug obejmuj\u0105cy doradztwo podatkowe i prawne, przegl\u0105dy podatkowe, prowadzenie post\u0119powa\u0144 oraz organizacj\u0119 szkole\u0144.","robots":{"index":"index","follow":"follow","max-snippet":"max-snippet:-1","max-image-preview":"max-image-preview:large","max-video-preview":"max-video-preview:-1"},"canonical":"https:\/\/tlhub.pl\/en\/offer\/taxes\/real-property-tax\/","og_locale":"en_US","og_type":"article","og_title":"Real property tax - TLhub","og_description":"\u015awiadczymy szeroki zakres us\u0142ug obejmuj\u0105cy doradztwo podatkowe i prawne, przegl\u0105dy podatkowe, prowadzenie post\u0119powa\u0144 oraz organizacj\u0119 szkole\u0144.","og_url":"https:\/\/tlhub.pl\/en\/offer\/taxes\/real-property-tax\/","og_site_name":"TLhub","article_modified_time":"2021-07-27T09:37:53+00:00","og_image":[{"width":1200,"height":650,"url":"https:\/\/tlhub.pl\/wp-content\/uploads\/2021\/07\/tlhub_logo.png","type":"image\/png"}],"twitter_card":"summary_large_image","twitter_misc":{"Est. reading time":"1 minute"},"schema":{"@context":"https:\/\/schema.org","@graph":[{"@type":"WebPage","@id":"https:\/\/tlhub.pl\/en\/offer\/taxes\/real-property-tax\/","url":"https:\/\/tlhub.pl\/en\/offer\/taxes\/real-property-tax\/","name":"Real property tax - TLhub","isPartOf":{"@id":"https:\/\/tlhub.pl\/en\/#website"},"datePublished":"2021-07-08T09:52:40+00:00","dateModified":"2021-07-27T09:37:53+00:00","description":"\u015awiadczymy szeroki zakres us\u0142ug obejmuj\u0105cy doradztwo podatkowe i prawne, przegl\u0105dy podatkowe, prowadzenie post\u0119powa\u0144 oraz organizacj\u0119 szkole\u0144.","breadcrumb":{"@id":"https:\/\/tlhub.pl\/en\/offer\/taxes\/real-property-tax\/#breadcrumb"},"inLanguage":"en-US","potentialAction":[{"@type":"ReadAction","target":["https:\/\/tlhub.pl\/en\/offer\/taxes\/real-property-tax\/"]}]},{"@type":"BreadcrumbList","@id":"https:\/\/tlhub.pl\/en\/offer\/taxes\/real-property-tax\/#breadcrumb","itemListElement":[{"@type":"ListItem","position":1,"name":"Home","item":"https:\/\/tlhub.pl\/en\/"},{"@type":"ListItem","position":2,"name":"Offer","item":"https:\/\/tlhub.pl\/en\/offer\/"},{"@type":"ListItem","position":3,"name":"Taxes","item":"https:\/\/tlhub.pl\/en\/offer\/taxes\/"},{"@type":"ListItem","position":4,"name":"Real property tax"}]},{"@type":"WebSite","@id":"https:\/\/tlhub.pl\/en\/#website","url":"https:\/\/tlhub.pl\/en\/","name":"TLhub","description":"Tax, accounting and law | All in one place","publisher":{"@id":"https:\/\/tlhub.pl\/en\/#organization"},"potentialAction":[{"@type":"SearchAction","target":{"@type":"EntryPoint","urlTemplate":"https:\/\/tlhub.pl\/en\/?s={search_term_string}"},"query-input":{"@type":"PropertyValueSpecification","valueRequired":true,"valueName":"search_term_string"}}],"inLanguage":"en-US"},{"@type":"Organization","@id":"https:\/\/tlhub.pl\/en\/#organization","name":"TLhub - tax, accounting and law, all in one place","url":"https:\/\/tlhub.pl\/en\/","logo":{"@type":"ImageObject","inLanguage":"en-US","@id":"https:\/\/tlhub.pl\/en\/#\/schema\/logo\/image\/","url":"https:\/\/tlhub.pl\/wp-content\/uploads\/2021\/07\/tlhub_logo.png","contentUrl":"https:\/\/tlhub.pl\/wp-content\/uploads\/2021\/07\/tlhub_logo.png","width":1200,"height":650,"caption":"TLhub - tax, accounting and law, all in one place"},"image":{"@id":"https:\/\/tlhub.pl\/en\/#\/schema\/logo\/image\/"},"sameAs":["https:\/\/www.linkedin.com\/company\/tl-hub\/"]}]}},"_links":{"self":[{"href":"https:\/\/tlhub.pl\/en\/wp-json\/wp\/v2\/pages\/1077","targetHints":{"allow":["GET"]}}],"collection":[{"href":"https:\/\/tlhub.pl\/en\/wp-json\/wp\/v2\/pages"}],"about":[{"href":"https:\/\/tlhub.pl\/en\/wp-json\/wp\/v2\/types\/page"}],"author":[{"embeddable":true,"href":"https:\/\/tlhub.pl\/en\/wp-json\/wp\/v2\/users\/1"}],"replies":[{"embeddable":true,"href":"https:\/\/tlhub.pl\/en\/wp-json\/wp\/v2\/comments?post=1077"}],"version-history":[{"count":4,"href":"https:\/\/tlhub.pl\/en\/wp-json\/wp\/v2\/pages\/1077\/revisions"}],"predecessor-version":[{"id":1859,"href":"https:\/\/tlhub.pl\/en\/wp-json\/wp\/v2\/pages\/1077\/revisions\/1859"}],"up":[{"embeddable":true,"href":"https:\/\/tlhub.pl\/en\/wp-json\/wp\/v2\/pages\/1068"}],"wp:attachment":[{"href":"https:\/\/tlhub.pl\/en\/wp-json\/wp\/v2\/media?parent=1077"}],"curies":[{"name":"wp","href":"https:\/\/api.w.org\/{rel}","templated":true}]}}